{"id":709,"date":"2019-10-16T14:08:20","date_gmt":"2019-10-16T12:08:20","guid":{"rendered":"http:\/\/tacticab.cqtest.se\/?page_id=709"},"modified":"2019-10-18T13:53:22","modified_gmt":"2019-10-18T11:53:22","slug":"foretagsvardering","status":"publish","type":"page","link":"https:\/\/www.tacticab.se\/en\/foretagsvardering\/","title":{"rendered":"F\u00f6retagsv\u00e4rdering"},"content":{"rendered":"<p>Vi genomf\u00f6r v\u00e4rdering av ett f\u00f6retag\/r\u00f6relser. De flesta f\u00f6retag har inventarier, maskiner och varulager som tagits upp i bolagets balansr\u00e4kning. Men de flesta f\u00f6retag har ett betydligt st\u00f6rre v\u00e4rde \u00e4n s\u00e5.<\/p>\n\n\n\n<p>En v\u00e4rdering \u00e4r oftast aktuell i samband med en f\u00f6retagsf\u00f6rs\u00e4ljning, vid ett generationsskifte, vid en f\u00f6retagsdelning, vid intag av ny del\u00e4gare, som ett underlag f\u00f6r bankl\u00e5n och liknande. En v\u00e4rdering \u00e4r ocks\u00e5 aktuell f\u00f6r t ex uppr\u00e4ttande av kontrollbalansr\u00e4kning, n\u00e4r halva aktiekapitalet kan misst\u00e4nkas vara f\u00f6rbrukat, f\u00f6r ett d\u00f6dsbo, vid en skilsm\u00e4ssa etc<\/p>\n\n\n\n<p><strong>TACTIC<\/strong> <strong>AB<\/strong> har kompetens att v\u00e4rdera hela r\u00f6relsens verksamhet, oberoende sk\u00e4let till v\u00e4rderingen. V\u00e4rdering av verksamheter \u00e4r ett omr\u00e5de som v\u00e4xer. M\u00e5nga anlitar oss redan idag f\u00f6r v\u00e4rderingar d\u00e5 vi \u00e4r en oberoende part, skild fr\u00e5n revisorers, bankers och andras intressen. Vi g\u00f6r samtliga v\u00e4rderingar sj\u00e4lva och anv\u00e4nder inte n\u00e5gra f\u00f6rprogrammerade v\u00e4rderingsverktyg utan vi utf\u00f6r ett personligt hantverk, med ett stort inneh\u00e5ll av erfarenhet, sunt f\u00f6rnuft och marknadsk\u00e4nnedom.<\/p>\n\n\n\n<p><strong>V\u00e4rderingsmodeller<\/strong><br>Vid f\u00f6retagsv\u00e4rdering anv\u00e4nds i huvudsak fem olika modeller f\u00f6r att fastst\u00e4lla ett v\u00e4rde, var och en till\u00e4mplig i olika situationer.<\/p>\n\n\n\n<ul class=\"wp-block-list\"><li>Likvidationsv\u00e4rde<\/li><li>Substansv\u00e4rde<\/li><li>Avkastningsv\u00e4rde p\u00e5 historik<\/li><li>Avkastningsv\u00e4rde p\u00e5 framskrivningsprognos<\/li><li>Marknadsv\u00e4rde<\/li><\/ul>\n\n\n\n<p>V\u00e4rderingen \u00e4r en \u00f6gonblicksbild och utg\u00e5r fr\u00e5n de f\u00f6ruts\u00e4ttningar som uppdragsgivaren l\u00e4mnat. Till skillnad fr\u00e5n noterade bolag, som alltid har ett av marknaden fastst\u00e4llt v\u00e4rde finns f\u00f6r onoterade f\u00f6retag inget tydligt v\u00e4rde. V\u00e4rderingsmetoderna ligger ofta till grund f\u00f6r att bed\u00f6ma marknadsv\u00e4rdet och som f\u00f6rhandlingsunderlag i en konkret s\u00e4ljsituation.<\/p>\n\n\n\n<p><strong>Substansv\u00e4rdering<\/strong>&nbsp;\u00e4r tillsammans med avkastningsv\u00e4rdering den vanligaste v\u00e4rderingsmetoden.&nbsp;<strong>Avkastningsv\u00e4rderingen<\/strong>&nbsp;kan i princip liknas vid att g\u00f6ra en l\u00f6nsamhetsber\u00e4kning p\u00e5 en investering med ber\u00e4kning av framtida utfall.&nbsp;<strong>Marknadsv\u00e4rdet<\/strong>&nbsp;\u00e4r dock mycket mer komplext sammansatt och innefattar best\u00e5ndsdelar som t.ex. organisation, produkter, position, marknad, timing, synergier, m.m. Med marknadsv\u00e4rde avses det mest sannolika priset f\u00f6r v\u00e4rderingsobjektet om den utlyses p\u00e5 den \u00f6ppna marknaden vid en viss angiven v\u00e4rdetidpunkt. Ett marknadsv\u00e4rde kan aldrig best\u00e4mmas, bara bed\u00f6mas.<\/p>\n\n\n\n<p>Tillsammans med uppdragsgivaren best\u00e4mmer vi graden av v\u00e4rdering<\/p>\n\n\n\n<p>Dessutom kan erbjuder vi en kvalificerad v\u00e4rdering av f\u00f6retagets anl\u00e4ggningstillg\u00e5ngar (maskiner, inventarier, fastighet, immateriella tillg\u00e5ngar), beh\u00f6vs fr\u00e4mst vid behovet att uppr\u00e4tta en kontrollbalansr\u00e4kning, som underlag f\u00f6r en kreditans\u00f6kan etc.<\/p>\n\n\n\n<p>I alla uppdrag agerar vi&nbsp;<strong>strikt konfidentiellt<\/strong>&nbsp;och du kan d\u00e4rf\u00f6r vara helt trygg att l\u00e5ta oss hj\u00e4lpa dig med denna fr\u00e5ga.<br>Skicka en intresseanm\u00e4lan till oss, s\u00e5 tar vi en diskret kontakt f\u00f6r vidare samtal.<\/p>","protected":false},"excerpt":{"rendered":"<p>Vi genomf\u00f6r v\u00e4rdering av ett f\u00f6retag\/r\u00f6relser. De flesta f\u00f6retag har inventarier, maskiner och varulager som tagits upp i bolagets balansr\u00e4kning. Men de flesta f\u00f6retag har ett betydligt st\u00f6rre v\u00e4rde \u00e4n s\u00e5. En v\u00e4rdering \u00e4r oftast aktuell i samband med en f\u00f6retagsf\u00f6rs\u00e4ljning, vid ett generationsskifte, vid en f\u00f6retagsdelning, vid intag av ny del\u00e4gare, som ett underlag [&hellip;]<\/p>\n","protected":false},"author":2,"featured_media":719,"parent":0,"menu_order":0,"comment_status":"closed","ping_status":"closed","template":"","meta":{"_genesis_hide_title":false,"_genesis_hide_breadcrumbs":false,"_genesis_hide_singular_image":false,"_genesis_hide_footer_widgets":false,"_genesis_custom_body_class":"","_genesis_custom_post_class":"","_genesis_layout":"","footnotes":""},"class_list":{"0":"post-709","1":"page","2":"type-page","3":"status-publish","4":"has-post-thumbnail","6":"entry"},"yoast_head":"<!-- This site is optimized with the Yoast SEO plugin v27.5 - https:\/\/yoast.com\/product\/yoast-seo-wordpress\/ -->\n<title>F\u00f6retagsv\u00e4rdering - TACTIC AB<\/title>\n<meta name=\"robots\" content=\"index, follow, max-snippet:-1, max-image-preview:large, max-video-preview:-1\" \/>\n<link rel=\"canonical\" href=\"https:\/\/www.tacticab.se\/en\/foretagsvardering\/\" \/>\n<meta property=\"og:locale\" content=\"en_GB\" \/>\n<meta property=\"og:type\" content=\"article\" \/>\n<meta property=\"og:title\" content=\"F\u00f6retagsv\u00e4rdering - TACTIC AB\" \/>\n<meta property=\"og:description\" content=\"Vi genomf\u00f6r v\u00e4rdering av ett f\u00f6retag\/r\u00f6relser. De flesta f\u00f6retag har inventarier, maskiner och varulager som tagits upp i bolagets balansr\u00e4kning. Men de flesta f\u00f6retag har ett betydligt st\u00f6rre v\u00e4rde \u00e4n s\u00e5. En v\u00e4rdering \u00e4r oftast aktuell i samband med en f\u00f6retagsf\u00f6rs\u00e4ljning, vid ett generationsskifte, vid en f\u00f6retagsdelning, vid intag av ny del\u00e4gare, som ett underlag [&hellip;]\" \/>\n<meta property=\"og:url\" content=\"https:\/\/www.tacticab.se\/en\/foretagsvardering\/\" \/>\n<meta property=\"og:site_name\" content=\"TACTIC AB\" \/>\n<meta property=\"article:publisher\" content=\"https:\/\/www.facebook.com\/stenovetacticab\/\" \/>\n<meta property=\"article:modified_time\" content=\"2019-10-18T11:53:22+00:00\" \/>\n<meta property=\"og:image\" content=\"https:\/\/www.tacticab.se\/wp-content\/uploads\/2019\/10\/TAB.png\" \/>\n\t<meta property=\"og:image:width\" content=\"587\" \/>\n\t<meta property=\"og:image:height\" content=\"330\" \/>\n\t<meta property=\"og:image:type\" content=\"image\/png\" \/>\n<meta name=\"twitter:card\" content=\"summary_large_image\" \/>\n<meta name=\"twitter:label1\" content=\"Estimated reading time\" \/>\n\t<meta name=\"twitter:data1\" content=\"2 minutes\" \/>\n<script type=\"application\/ld+json\" class=\"yoast-schema-graph\">{\"@context\":\"https:\\\/\\\/schema.org\",\"@graph\":[{\"@type\":\"WebPage\",\"@id\":\"https:\\\/\\\/www.tacticab.se\\\/foretagsvardering\\\/\",\"url\":\"https:\\\/\\\/www.tacticab.se\\\/foretagsvardering\\\/\",\"name\":\"F\u00f6retagsv\u00e4rdering - TACTIC AB\",\"isPartOf\":{\"@id\":\"https:\\\/\\\/www.tacticab.se\\\/#website\"},\"primaryImageOfPage\":{\"@id\":\"https:\\\/\\\/www.tacticab.se\\\/foretagsvardering\\\/#primaryimage\"},\"image\":{\"@id\":\"https:\\\/\\\/www.tacticab.se\\\/foretagsvardering\\\/#primaryimage\"},\"thumbnailUrl\":\"https:\\\/\\\/www.tacticab.se\\\/wp-content\\\/uploads\\\/2019\\\/10\\\/TAB.png\",\"datePublished\":\"2019-10-16T12:08:20+00:00\",\"dateModified\":\"2019-10-18T11:53:22+00:00\",\"breadcrumb\":{\"@id\":\"https:\\\/\\\/www.tacticab.se\\\/foretagsvardering\\\/#breadcrumb\"},\"inLanguage\":\"en-GB\",\"potentialAction\":[{\"@type\":\"ReadAction\",\"target\":[\"https:\\\/\\\/www.tacticab.se\\\/foretagsvardering\\\/\"]}]},{\"@type\":\"ImageObject\",\"inLanguage\":\"en-GB\",\"@id\":\"https:\\\/\\\/www.tacticab.se\\\/foretagsvardering\\\/#primaryimage\",\"url\":\"https:\\\/\\\/www.tacticab.se\\\/wp-content\\\/uploads\\\/2019\\\/10\\\/TAB.png\",\"contentUrl\":\"https:\\\/\\\/www.tacticab.se\\\/wp-content\\\/uploads\\\/2019\\\/10\\\/TAB.png\",\"width\":587,\"height\":330},{\"@type\":\"BreadcrumbList\",\"@id\":\"https:\\\/\\\/www.tacticab.se\\\/foretagsvardering\\\/#breadcrumb\",\"itemListElement\":[{\"@type\":\"ListItem\",\"position\":1,\"name\":\"Hem\",\"item\":\"https:\\\/\\\/www.tacticab.se\\\/\"},{\"@type\":\"ListItem\",\"position\":2,\"name\":\"F\u00f6retagsv\u00e4rdering\"}]},{\"@type\":\"WebSite\",\"@id\":\"https:\\\/\\\/www.tacticab.se\\\/#website\",\"url\":\"https:\\\/\\\/www.tacticab.se\\\/\",\"name\":\"Tactic i Lule\u00e5 AB\",\"description\":\"Framg\u00e5ng \u00e4r ingen tillf\u00e4llighet\",\"publisher\":{\"@id\":\"https:\\\/\\\/www.tacticab.se\\\/#organization\"},\"potentialAction\":[{\"@type\":\"SearchAction\",\"target\":{\"@type\":\"EntryPoint\",\"urlTemplate\":\"https:\\\/\\\/www.tacticab.se\\\/?s={search_term_string}\"},\"query-input\":{\"@type\":\"PropertyValueSpecification\",\"valueRequired\":true,\"valueName\":\"search_term_string\"}}],\"inLanguage\":\"en-GB\"},{\"@type\":\"Organization\",\"@id\":\"https:\\\/\\\/www.tacticab.se\\\/#organization\",\"name\":\"Tactic i Lule\u00e5 AB\",\"url\":\"https:\\\/\\\/www.tacticab.se\\\/\",\"logo\":{\"@type\":\"ImageObject\",\"inLanguage\":\"en-GB\",\"@id\":\"https:\\\/\\\/www.tacticab.se\\\/#\\\/schema\\\/logo\\\/image\\\/\",\"url\":\"https:\\\/\\\/www.tacticab.se\\\/wp-content\\\/uploads\\\/2019\\\/11\\\/tacticablogga.png\",\"contentUrl\":\"https:\\\/\\\/www.tacticab.se\\\/wp-content\\\/uploads\\\/2019\\\/11\\\/tacticablogga.png\",\"width\":340,\"height\":100,\"caption\":\"Tactic i Lule\u00e5 AB\"},\"image\":{\"@id\":\"https:\\\/\\\/www.tacticab.se\\\/#\\\/schema\\\/logo\\\/image\\\/\"},\"sameAs\":[\"https:\\\/\\\/www.facebook.com\\\/stenovetacticab\\\/\",\"https:\\\/\\\/se.linkedin.com\\\/company\\\/tactic-ab\"]}]}<\/script>\n<!-- \/ Yoast SEO plugin. -->","yoast_head_json":{"title":"F\u00f6retagsv\u00e4rdering - TACTIC AB","robots":{"index":"index","follow":"follow","max-snippet":"max-snippet:-1","max-image-preview":"max-image-preview:large","max-video-preview":"max-video-preview:-1"},"canonical":"https:\/\/www.tacticab.se\/en\/foretagsvardering\/","og_locale":"en_GB","og_type":"article","og_title":"F\u00f6retagsv\u00e4rdering - TACTIC AB","og_description":"Vi genomf\u00f6r v\u00e4rdering av ett f\u00f6retag\/r\u00f6relser. De flesta f\u00f6retag har inventarier, maskiner och varulager som tagits upp i bolagets balansr\u00e4kning. Men de flesta f\u00f6retag har ett betydligt st\u00f6rre v\u00e4rde \u00e4n s\u00e5. En v\u00e4rdering \u00e4r oftast aktuell i samband med en f\u00f6retagsf\u00f6rs\u00e4ljning, vid ett generationsskifte, vid en f\u00f6retagsdelning, vid intag av ny del\u00e4gare, som ett underlag [&hellip;]","og_url":"https:\/\/www.tacticab.se\/en\/foretagsvardering\/","og_site_name":"TACTIC AB","article_publisher":"https:\/\/www.facebook.com\/stenovetacticab\/","article_modified_time":"2019-10-18T11:53:22+00:00","og_image":[{"width":587,"height":330,"url":"https:\/\/www.tacticab.se\/wp-content\/uploads\/2019\/10\/TAB.png","type":"image\/png"}],"twitter_card":"summary_large_image","twitter_misc":{"Estimated reading time":"2 minutes"},"schema":{"@context":"https:\/\/schema.org","@graph":[{"@type":"WebPage","@id":"https:\/\/www.tacticab.se\/foretagsvardering\/","url":"https:\/\/www.tacticab.se\/foretagsvardering\/","name":"F\u00f6retagsv\u00e4rdering - TACTIC AB","isPartOf":{"@id":"https:\/\/www.tacticab.se\/#website"},"primaryImageOfPage":{"@id":"https:\/\/www.tacticab.se\/foretagsvardering\/#primaryimage"},"image":{"@id":"https:\/\/www.tacticab.se\/foretagsvardering\/#primaryimage"},"thumbnailUrl":"https:\/\/www.tacticab.se\/wp-content\/uploads\/2019\/10\/TAB.png","datePublished":"2019-10-16T12:08:20+00:00","dateModified":"2019-10-18T11:53:22+00:00","breadcrumb":{"@id":"https:\/\/www.tacticab.se\/foretagsvardering\/#breadcrumb"},"inLanguage":"en-GB","potentialAction":[{"@type":"ReadAction","target":["https:\/\/www.tacticab.se\/foretagsvardering\/"]}]},{"@type":"ImageObject","inLanguage":"en-GB","@id":"https:\/\/www.tacticab.se\/foretagsvardering\/#primaryimage","url":"https:\/\/www.tacticab.se\/wp-content\/uploads\/2019\/10\/TAB.png","contentUrl":"https:\/\/www.tacticab.se\/wp-content\/uploads\/2019\/10\/TAB.png","width":587,"height":330},{"@type":"BreadcrumbList","@id":"https:\/\/www.tacticab.se\/foretagsvardering\/#breadcrumb","itemListElement":[{"@type":"ListItem","position":1,"name":"Hem","item":"https:\/\/www.tacticab.se\/"},{"@type":"ListItem","position":2,"name":"F\u00f6retagsv\u00e4rdering"}]},{"@type":"WebSite","@id":"https:\/\/www.tacticab.se\/#website","url":"https:\/\/www.tacticab.se\/","name":"Tactic i Lule\u00e5 AB","description":"Framg\u00e5ng \u00e4r ingen tillf\u00e4llighet","publisher":{"@id":"https:\/\/www.tacticab.se\/#organization"},"potentialAction":[{"@type":"SearchAction","target":{"@type":"EntryPoint","urlTemplate":"https:\/\/www.tacticab.se\/?s={search_term_string}"},"query-input":{"@type":"PropertyValueSpecification","valueRequired":true,"valueName":"search_term_string"}}],"inLanguage":"en-GB"},{"@type":"Organization","@id":"https:\/\/www.tacticab.se\/#organization","name":"Tactic i Lule\u00e5 AB","url":"https:\/\/www.tacticab.se\/","logo":{"@type":"ImageObject","inLanguage":"en-GB","@id":"https:\/\/www.tacticab.se\/#\/schema\/logo\/image\/","url":"https:\/\/www.tacticab.se\/wp-content\/uploads\/2019\/11\/tacticablogga.png","contentUrl":"https:\/\/www.tacticab.se\/wp-content\/uploads\/2019\/11\/tacticablogga.png","width":340,"height":100,"caption":"Tactic i Lule\u00e5 AB"},"image":{"@id":"https:\/\/www.tacticab.se\/#\/schema\/logo\/image\/"},"sameAs":["https:\/\/www.facebook.com\/stenovetacticab\/","https:\/\/se.linkedin.com\/company\/tactic-ab"]}]}},"_links":{"self":[{"href":"https:\/\/www.tacticab.se\/en\/wp-json\/wp\/v2\/pages\/709","targetHints":{"allow":["GET"]}}],"collection":[{"href":"https:\/\/www.tacticab.se\/en\/wp-json\/wp\/v2\/pages"}],"about":[{"href":"https:\/\/www.tacticab.se\/en\/wp-json\/wp\/v2\/types\/page"}],"author":[{"embeddable":true,"href":"https:\/\/www.tacticab.se\/en\/wp-json\/wp\/v2\/users\/2"}],"replies":[{"embeddable":true,"href":"https:\/\/www.tacticab.se\/en\/wp-json\/wp\/v2\/comments?post=709"}],"version-history":[{"count":3,"href":"https:\/\/www.tacticab.se\/en\/wp-json\/wp\/v2\/pages\/709\/revisions"}],"predecessor-version":[{"id":748,"href":"https:\/\/www.tacticab.se\/en\/wp-json\/wp\/v2\/pages\/709\/revisions\/748"}],"wp:featuredmedia":[{"embeddable":true,"href":"https:\/\/www.tacticab.se\/en\/wp-json\/wp\/v2\/media\/719"}],"wp:attachment":[{"href":"https:\/\/www.tacticab.se\/en\/wp-json\/wp\/v2\/media?parent=709"}],"curies":[{"name":"wp","href":"https:\/\/api.w.org\/{rel}","templated":true}]}}