{"id":586,"date":"2019-10-10T10:12:03","date_gmt":"2019-10-10T08:12:03","guid":{"rendered":"http:\/\/tacticab.cqtest.se\/?page_id=586"},"modified":"2024-10-23T09:15:13","modified_gmt":"2024-10-23T07:15:13","slug":"besiktning-vardering","status":"publish","type":"page","link":"https:\/\/www.tacticab.se\/en\/besiktning-vardering\/","title":{"rendered":"Besiktning\/v\u00e4rdering"},"content":{"rendered":"<p><strong>Beh\u00f6ver du en opartisk besiktning eller v\u00e4rdering?<\/strong><\/p>\n\n\n\n<p>Beh\u00f6ver du f\u00e5 ett f\u00f6retag eller ett f\u00f6retags tillg\u00e5ngar v\u00e4rderat?<br>Eller s\u00f6ker du efter n\u00e5gon som kan ge en opartisk v\u00e4rdering av f\u00f6retagets maskiner, inventarier och \u00f6vriga tillg\u00e5ngar?<br><br>Sten-Ove Eriksson \u00e4r genom Sveriges Handelskamrar f\u00f6rordnad som Oberoende Besiktnings- och V\u00e4rderingsperson. L\u00e4s g\u00e4rna mer p\u00e5\u00a0<a href=\"http:\/\/www.besiktning.nu\/\" target=\"_blank\" rel=\"noreferrer noopener\">www.besiktning.nu<\/a><\/p>\n\n\n\n<p>F\u00f6ljande varugrupper \u00e4r v\u00e5ra specialistomr\u00e5den:<\/p>\n\n\n\n<p><\/p>\n\n\n\n<ul class=\"wp-block-list\">\n<li>F\u00f6retagsv\u00e4rderingar &#8211; R\u00f6relsev\u00e4rdering inkl. varulager och inventarier (inkl bolags aktiev\u00e4rde)<\/li>\n\n\n\n<li>F\u00f6retagsv\u00e4rderingar &#8211; Konkursv\u00e4rdering inkl. varulager och inventarier samt<\/li>\n\n\n\n<li>Verksamhetsmaskiner\/utrustning\/inventarier &#8211; \u00d6vriga maskiner, verktyg och inventarier<\/li>\n<\/ul>\n\n\n\n<p>Specialistomr\u00e5den:<br><strong>V\u00e4rdering av anl\u00e4ggningstillg\u00e5ngar (alla slags maskiner och inventarier), inkr\u00e5m samt aktier.<\/strong><\/p>\n\n\n\n<p>En besiktnings-\/ v\u00e4rderingsmperson \u00e4r en person som f\u00f6rordnats av Sveriges Handelskamrar f\u00f6r att objektivt besiktiga eller v\u00e4rdera l\u00f6s eller fast egendom b\u00e5de f\u00f6r privatpersoner, f\u00f6retag, organisationer och liknande. Handelskamrarnas roll \u00e4r att se till att besiktnings-\/ v\u00e4rderingspersonerna \u00e4r en p\u00e5litlig person och \u00e4r verksam inom omr\u00e5det personen \u00e4r f\u00f6rordnad i.<\/p>\n\n\n\n<h3 class=\"wp-block-heading\">Opartiskhet och objektivitet<\/h3>\n\n\n\n<p>Den som f\u00f6rordnats som besiktnings-\/v\u00e4rderingsperson m\u00e5ste vara opartisk och objektiv n\u00e4r denne utf\u00f6r uppdraget. Det betyder att han\/hon bara f\u00e5r ta h\u00e4nsyn till fakta och inte favorisera eller behandla n\u00e5gon sida or\u00e4ttvist.<br><br><strong>Sakkunnighet<\/strong><\/p>\n\n\n\n<p>En besiktnings-\/v\u00e4rderingsperson \u00e4r erfaren n\u00e4r g\u00e4ller att utf\u00f6ra besiktningar och v\u00e4rderingar inom den varugrupp denne \u00e4r f\u00f6rordnad i. En besiktnings-\/v\u00e4rderingsperson f\u00e5r inte, med h\u00e4nvisning till sitt f\u00f6rordnande, tacka ja till uppdrag som ligger utanf\u00f6r det omr\u00e5de f\u00f6rordnandet g\u00e4ller.<\/p>\n\n\n\n<p>Det kan ocks\u00e5 intr\u00e4ffa tillf\u00e4llen n\u00e4r besiktnings-\/v\u00e4rderingspersonens kompetens inte \u00e4r tillr\u00e4cklig, trots att han\/hon \u00e4r f\u00f6rordnad inom det aktuella omr\u00e5det. Besiktnings-\/v\u00e4rderingspersonen m\u00e5ste d\u00e5 tacka nej till uppdraget eller ta hj\u00e4lp av n\u00e5gon annan f\u00f6rordnad besiktnings-\/v\u00e4rderingsperson. Har n\u00e5gon annan besiktnings-\/v\u00e4rderingsperson anv\u00e4nts f\u00f6r visst deluppdrag ska detta skrivas i blanketten.<br><br><strong>Personligt f\u00f6rordnande<\/strong><\/p>\n\n\n\n<p>Eftersom f\u00f6rordnandet \u00e4r ett personligt f\u00f6rtroendeuppdrag \u00e4r det bara enskilda personer som f\u00e5r detta, inte f\u00f6retag eller organisationer. En besiktnings-\/v\u00e4rderingsperson m\u00e5ste upptr\u00e4da p\u00e5 ett s\u00e4tt som g\u00f6r att riskerna f\u00f6r missbruk av hans\/hennes f\u00f6rordnande undviks t.ex. genom att se till att de blanketter som Sveriges Handelskamrar tillhandah\u00e5llit inte anv\u00e4nds av n\u00e5gon annan.<\/p>\n\n\n\n<p><em>Framg\u00e5ng \u00e4r ingen tillf\u00e4llighet.<br><br><\/em><a href=\"http:\/\/www.tacticab.se\/en\/kontakt.htm\/\">Kontakta oss<\/a>&nbsp;f\u00f6r ett f\u00f6ruts\u00e4ttningsl\u00f6st samtal, ett av dina mest l\u00f6nsamma vill vi lova.&nbsp;Ring 070-541 04 05 eller kontakta oss via formul\u00e4ret.<\/p>\n\n\n\n<p>\/\/Sten-Ove Eriksson<\/p>\n\n\n\n<p>Oberoende Besiktnings- och V\u00e4rderingsperson<br>Auktoriserad F\u00f6retagsm\u00e4klare (t o m 2020)<br>070-541 04 05<\/p>\n\n\n<p><!--EndFragment--><\/p>","protected":false},"excerpt":{"rendered":"<p>Beh\u00f6ver du en opartisk besiktning eller v\u00e4rdering? Beh\u00f6ver du f\u00e5 ett f\u00f6retag eller ett f\u00f6retags tillg\u00e5ngar v\u00e4rderat?Eller s\u00f6ker du efter n\u00e5gon som kan ge en opartisk v\u00e4rdering av f\u00f6retagets maskiner, inventarier och \u00f6vriga tillg\u00e5ngar? Sten-Ove Eriksson \u00e4r genom Sveriges Handelskamrar f\u00f6rordnad som Oberoende Besiktnings- och V\u00e4rderingsperson. L\u00e4s g\u00e4rna mer p\u00e5\u00a0www.besiktning.nu F\u00f6ljande varugrupper \u00e4r v\u00e5ra specialistomr\u00e5den: [&hellip;]<\/p>\n","protected":false},"author":2,"featured_media":576,"parent":0,"menu_order":0,"comment_status":"closed","ping_status":"closed","template":"","meta":{"_genesis_hide_title":false,"_genesis_hide_breadcrumbs":false,"_genesis_hide_singular_image":false,"_genesis_hide_footer_widgets":false,"_genesis_custom_body_class":"","_genesis_custom_post_class":"","_genesis_layout":"","footnotes":""},"class_list":{"0":"post-586","1":"page","2":"type-page","3":"status-publish","4":"has-post-thumbnail","6":"entry"},"yoast_head":"<!-- This site is optimized with the Yoast SEO plugin v27.4 - https:\/\/yoast.com\/product\/yoast-seo-wordpress\/ -->\n<title>Besiktning\/v\u00e4rdering - TACTIC AB<\/title>\n<meta name=\"robots\" content=\"index, follow, max-snippet:-1, max-image-preview:large, max-video-preview:-1\" \/>\n<link rel=\"canonical\" href=\"https:\/\/www.tacticab.se\/en\/besiktning-vardering\/\" \/>\n<meta property=\"og:locale\" content=\"en_GB\" \/>\n<meta property=\"og:type\" content=\"article\" \/>\n<meta property=\"og:title\" content=\"Besiktning\/v\u00e4rdering - TACTIC AB\" \/>\n<meta property=\"og:description\" content=\"Beh\u00f6ver du en opartisk besiktning eller v\u00e4rdering? Beh\u00f6ver du f\u00e5 ett f\u00f6retag eller ett f\u00f6retags tillg\u00e5ngar v\u00e4rderat?Eller s\u00f6ker du efter n\u00e5gon som kan ge en opartisk v\u00e4rdering av f\u00f6retagets maskiner, inventarier och \u00f6vriga tillg\u00e5ngar? Sten-Ove Eriksson \u00e4r genom Sveriges Handelskamrar f\u00f6rordnad som Oberoende Besiktnings- och V\u00e4rderingsperson. L\u00e4s g\u00e4rna mer p\u00e5\u00a0www.besiktning.nu F\u00f6ljande varugrupper \u00e4r v\u00e5ra specialistomr\u00e5den: [&hellip;]\" \/>\n<meta property=\"og:url\" content=\"https:\/\/www.tacticab.se\/en\/besiktning-vardering\/\" \/>\n<meta property=\"og:site_name\" content=\"TACTIC AB\" \/>\n<meta property=\"article:publisher\" content=\"https:\/\/www.facebook.com\/stenovetacticab\/\" \/>\n<meta property=\"article:modified_time\" content=\"2024-10-23T07:15:13+00:00\" \/>\n<meta property=\"og:image\" content=\"https:\/\/www.tacticab.se\/wp-content\/uploads\/2019\/10\/Depositphotos_179290942_xl-2015-1024x511.jpg\" \/>\n\t<meta property=\"og:image:width\" content=\"1024\" \/>\n\t<meta property=\"og:image:height\" content=\"511\" \/>\n\t<meta property=\"og:image:type\" content=\"image\/jpeg\" \/>\n<meta name=\"twitter:card\" content=\"summary_large_image\" \/>\n<meta name=\"twitter:label1\" content=\"Estimated reading time\" \/>\n\t<meta name=\"twitter:data1\" content=\"3 minutes\" \/>\n<script type=\"application\/ld+json\" class=\"yoast-schema-graph\">{\"@context\":\"https:\\\/\\\/schema.org\",\"@graph\":[{\"@type\":\"WebPage\",\"@id\":\"https:\\\/\\\/www.tacticab.se\\\/besiktning-vardering\\\/\",\"url\":\"https:\\\/\\\/www.tacticab.se\\\/besiktning-vardering\\\/\",\"name\":\"Besiktning\\\/v\u00e4rdering - TACTIC AB\",\"isPartOf\":{\"@id\":\"https:\\\/\\\/www.tacticab.se\\\/#website\"},\"primaryImageOfPage\":{\"@id\":\"https:\\\/\\\/www.tacticab.se\\\/besiktning-vardering\\\/#primaryimage\"},\"image\":{\"@id\":\"https:\\\/\\\/www.tacticab.se\\\/besiktning-vardering\\\/#primaryimage\"},\"thumbnailUrl\":\"https:\\\/\\\/www.tacticab.se\\\/wp-content\\\/uploads\\\/2019\\\/10\\\/Depositphotos_179290942_xl-2015.jpg\",\"datePublished\":\"2019-10-10T08:12:03+00:00\",\"dateModified\":\"2024-10-23T07:15:13+00:00\",\"breadcrumb\":{\"@id\":\"https:\\\/\\\/www.tacticab.se\\\/besiktning-vardering\\\/#breadcrumb\"},\"inLanguage\":\"en-GB\",\"potentialAction\":[{\"@type\":\"ReadAction\",\"target\":[\"https:\\\/\\\/www.tacticab.se\\\/besiktning-vardering\\\/\"]}]},{\"@type\":\"ImageObject\",\"inLanguage\":\"en-GB\",\"@id\":\"https:\\\/\\\/www.tacticab.se\\\/besiktning-vardering\\\/#primaryimage\",\"url\":\"https:\\\/\\\/www.tacticab.se\\\/wp-content\\\/uploads\\\/2019\\\/10\\\/Depositphotos_179290942_xl-2015.jpg\",\"contentUrl\":\"https:\\\/\\\/www.tacticab.se\\\/wp-content\\\/uploads\\\/2019\\\/10\\\/Depositphotos_179290942_xl-2015.jpg\",\"width\":3639,\"height\":1817,\"caption\":\"Group of business people working in office\"},{\"@type\":\"BreadcrumbList\",\"@id\":\"https:\\\/\\\/www.tacticab.se\\\/besiktning-vardering\\\/#breadcrumb\",\"itemListElement\":[{\"@type\":\"ListItem\",\"position\":1,\"name\":\"Hem\",\"item\":\"https:\\\/\\\/www.tacticab.se\\\/\"},{\"@type\":\"ListItem\",\"position\":2,\"name\":\"Besiktning\\\/v\u00e4rdering\"}]},{\"@type\":\"WebSite\",\"@id\":\"https:\\\/\\\/www.tacticab.se\\\/#website\",\"url\":\"https:\\\/\\\/www.tacticab.se\\\/\",\"name\":\"Tactic i Lule\u00e5 AB\",\"description\":\"Framg\u00e5ng \u00e4r ingen tillf\u00e4llighet\",\"publisher\":{\"@id\":\"https:\\\/\\\/www.tacticab.se\\\/#organization\"},\"potentialAction\":[{\"@type\":\"SearchAction\",\"target\":{\"@type\":\"EntryPoint\",\"urlTemplate\":\"https:\\\/\\\/www.tacticab.se\\\/?s={search_term_string}\"},\"query-input\":{\"@type\":\"PropertyValueSpecification\",\"valueRequired\":true,\"valueName\":\"search_term_string\"}}],\"inLanguage\":\"en-GB\"},{\"@type\":\"Organization\",\"@id\":\"https:\\\/\\\/www.tacticab.se\\\/#organization\",\"name\":\"Tactic i Lule\u00e5 AB\",\"url\":\"https:\\\/\\\/www.tacticab.se\\\/\",\"logo\":{\"@type\":\"ImageObject\",\"inLanguage\":\"en-GB\",\"@id\":\"https:\\\/\\\/www.tacticab.se\\\/#\\\/schema\\\/logo\\\/image\\\/\",\"url\":\"https:\\\/\\\/www.tacticab.se\\\/wp-content\\\/uploads\\\/2019\\\/11\\\/tacticablogga.png\",\"contentUrl\":\"https:\\\/\\\/www.tacticab.se\\\/wp-content\\\/uploads\\\/2019\\\/11\\\/tacticablogga.png\",\"width\":340,\"height\":100,\"caption\":\"Tactic i Lule\u00e5 AB\"},\"image\":{\"@id\":\"https:\\\/\\\/www.tacticab.se\\\/#\\\/schema\\\/logo\\\/image\\\/\"},\"sameAs\":[\"https:\\\/\\\/www.facebook.com\\\/stenovetacticab\\\/\",\"https:\\\/\\\/se.linkedin.com\\\/company\\\/tactic-ab\"]}]}<\/script>\n<!-- \/ Yoast SEO plugin. -->","yoast_head_json":{"title":"Besiktning\/v\u00e4rdering - TACTIC AB","robots":{"index":"index","follow":"follow","max-snippet":"max-snippet:-1","max-image-preview":"max-image-preview:large","max-video-preview":"max-video-preview:-1"},"canonical":"https:\/\/www.tacticab.se\/en\/besiktning-vardering\/","og_locale":"en_GB","og_type":"article","og_title":"Besiktning\/v\u00e4rdering - TACTIC AB","og_description":"Beh\u00f6ver du en opartisk besiktning eller v\u00e4rdering? Beh\u00f6ver du f\u00e5 ett f\u00f6retag eller ett f\u00f6retags tillg\u00e5ngar v\u00e4rderat?Eller s\u00f6ker du efter n\u00e5gon som kan ge en opartisk v\u00e4rdering av f\u00f6retagets maskiner, inventarier och \u00f6vriga tillg\u00e5ngar? Sten-Ove Eriksson \u00e4r genom Sveriges Handelskamrar f\u00f6rordnad som Oberoende Besiktnings- och V\u00e4rderingsperson. L\u00e4s g\u00e4rna mer p\u00e5\u00a0www.besiktning.nu F\u00f6ljande varugrupper \u00e4r v\u00e5ra specialistomr\u00e5den: [&hellip;]","og_url":"https:\/\/www.tacticab.se\/en\/besiktning-vardering\/","og_site_name":"TACTIC AB","article_publisher":"https:\/\/www.facebook.com\/stenovetacticab\/","article_modified_time":"2024-10-23T07:15:13+00:00","og_image":[{"width":1024,"height":511,"url":"https:\/\/www.tacticab.se\/wp-content\/uploads\/2019\/10\/Depositphotos_179290942_xl-2015-1024x511.jpg","type":"image\/jpeg"}],"twitter_card":"summary_large_image","twitter_misc":{"Estimated reading time":"3 minutes"},"schema":{"@context":"https:\/\/schema.org","@graph":[{"@type":"WebPage","@id":"https:\/\/www.tacticab.se\/besiktning-vardering\/","url":"https:\/\/www.tacticab.se\/besiktning-vardering\/","name":"Besiktning\/v\u00e4rdering - TACTIC AB","isPartOf":{"@id":"https:\/\/www.tacticab.se\/#website"},"primaryImageOfPage":{"@id":"https:\/\/www.tacticab.se\/besiktning-vardering\/#primaryimage"},"image":{"@id":"https:\/\/www.tacticab.se\/besiktning-vardering\/#primaryimage"},"thumbnailUrl":"https:\/\/www.tacticab.se\/wp-content\/uploads\/2019\/10\/Depositphotos_179290942_xl-2015.jpg","datePublished":"2019-10-10T08:12:03+00:00","dateModified":"2024-10-23T07:15:13+00:00","breadcrumb":{"@id":"https:\/\/www.tacticab.se\/besiktning-vardering\/#breadcrumb"},"inLanguage":"en-GB","potentialAction":[{"@type":"ReadAction","target":["https:\/\/www.tacticab.se\/besiktning-vardering\/"]}]},{"@type":"ImageObject","inLanguage":"en-GB","@id":"https:\/\/www.tacticab.se\/besiktning-vardering\/#primaryimage","url":"https:\/\/www.tacticab.se\/wp-content\/uploads\/2019\/10\/Depositphotos_179290942_xl-2015.jpg","contentUrl":"https:\/\/www.tacticab.se\/wp-content\/uploads\/2019\/10\/Depositphotos_179290942_xl-2015.jpg","width":3639,"height":1817,"caption":"Group of business people working in office"},{"@type":"BreadcrumbList","@id":"https:\/\/www.tacticab.se\/besiktning-vardering\/#breadcrumb","itemListElement":[{"@type":"ListItem","position":1,"name":"Hem","item":"https:\/\/www.tacticab.se\/"},{"@type":"ListItem","position":2,"name":"Besiktning\/v\u00e4rdering"}]},{"@type":"WebSite","@id":"https:\/\/www.tacticab.se\/#website","url":"https:\/\/www.tacticab.se\/","name":"Tactic i Lule\u00e5 AB","description":"Framg\u00e5ng \u00e4r ingen tillf\u00e4llighet","publisher":{"@id":"https:\/\/www.tacticab.se\/#organization"},"potentialAction":[{"@type":"SearchAction","target":{"@type":"EntryPoint","urlTemplate":"https:\/\/www.tacticab.se\/?s={search_term_string}"},"query-input":{"@type":"PropertyValueSpecification","valueRequired":true,"valueName":"search_term_string"}}],"inLanguage":"en-GB"},{"@type":"Organization","@id":"https:\/\/www.tacticab.se\/#organization","name":"Tactic i Lule\u00e5 AB","url":"https:\/\/www.tacticab.se\/","logo":{"@type":"ImageObject","inLanguage":"en-GB","@id":"https:\/\/www.tacticab.se\/#\/schema\/logo\/image\/","url":"https:\/\/www.tacticab.se\/wp-content\/uploads\/2019\/11\/tacticablogga.png","contentUrl":"https:\/\/www.tacticab.se\/wp-content\/uploads\/2019\/11\/tacticablogga.png","width":340,"height":100,"caption":"Tactic i Lule\u00e5 AB"},"image":{"@id":"https:\/\/www.tacticab.se\/#\/schema\/logo\/image\/"},"sameAs":["https:\/\/www.facebook.com\/stenovetacticab\/","https:\/\/se.linkedin.com\/company\/tactic-ab"]}]}},"_links":{"self":[{"href":"https:\/\/www.tacticab.se\/en\/wp-json\/wp\/v2\/pages\/586","targetHints":{"allow":["GET"]}}],"collection":[{"href":"https:\/\/www.tacticab.se\/en\/wp-json\/wp\/v2\/pages"}],"about":[{"href":"https:\/\/www.tacticab.se\/en\/wp-json\/wp\/v2\/types\/page"}],"author":[{"embeddable":true,"href":"https:\/\/www.tacticab.se\/en\/wp-json\/wp\/v2\/users\/2"}],"replies":[{"embeddable":true,"href":"https:\/\/www.tacticab.se\/en\/wp-json\/wp\/v2\/comments?post=586"}],"version-history":[{"count":6,"href":"https:\/\/www.tacticab.se\/en\/wp-json\/wp\/v2\/pages\/586\/revisions"}],"predecessor-version":[{"id":1301,"href":"https:\/\/www.tacticab.se\/en\/wp-json\/wp\/v2\/pages\/586\/revisions\/1301"}],"wp:featuredmedia":[{"embeddable":true,"href":"https:\/\/www.tacticab.se\/en\/wp-json\/wp\/v2\/media\/576"}],"wp:attachment":[{"href":"https:\/\/www.tacticab.se\/en\/wp-json\/wp\/v2\/media?parent=586"}],"curies":[{"name":"wp","href":"https:\/\/api.w.org\/{rel}","templated":true}]}}