{"id":1361,"date":"2025-12-23T09:58:22","date_gmt":"2025-12-23T08:58:22","guid":{"rendered":"https:\/\/www.tacticab.se\/?page_id=1361"},"modified":"2025-12-23T11:08:33","modified_gmt":"2025-12-23T10:08:33","slug":"time-to-say-goodbye","status":"publish","type":"page","link":"https:\/\/www.tacticab.se\/en\/","title":{"rendered":"Time to say Goodbye."},"content":{"rendered":"<figure class=\"wp-block-embed is-type-video is-provider-youtube wp-block-embed-youtube wp-embed-aspect-16-9 wp-has-aspect-ratio\"><div class=\"wp-block-embed__wrapper\">\n<iframe loading=\"lazy\" title=\"Andrea Bocelli, Sarah Brightman - Time To Say Goodbye (Live From Teatro Del Silenzio, Italy \/ 2007)\" width=\"500\" height=\"281\" src=\"https:\/\/www.youtube.com\/embed\/4L_yCwFD6Jo?feature=oembed\" frameborder=\"0\" allow=\"accelerometer; autoplay; clipboard-write; encrypted-media; gyroscope; picture-in-picture; web-share\" referrerpolicy=\"strict-origin-when-cross-origin\" allowfullscreen><\/iframe>\n<\/div><\/figure>\n\n\n\n<p><\/p>\n\n\n\n<p><strong>Klipper man bara av n\u00e4r man drar sig tillbaka, eller hur g\u00f6r man?<\/strong><\/p>\n\n\n\n<p>M\u00e5nga av mina kontakter genom f\u00f6retagandet har jag haft \u00e5tminstone 15 \u00e5r, en del \u00e4nnu l\u00e4ngre och n\u00e5gra relativt kort tid.<\/p>\n\n\n\n<p>Efter mer \u00e4n 50 \u00e5r som f\u00f6retagare, i egen verksamhet f\u00f6r det mesta, men \u00e4ven uppdrag i f\u00f6retagens tj\u00e4nst, s\u00e5 slutar jag nu som aktiv f\u00f6retagare.<\/p>\n\n\n\n<p>Vill passa p\u00e5 att tacka alla de jag m\u00f6tt i olika offentliga f\u00f6retagssammanhang, de jag personligen haft n\u00f6jet att tr\u00e4ffa och alla andra som jag kanske mest haft perifer kontakt med.<\/p>\n\n\n\n<p>N\u00e5got jag l\u00e4rt mig med \u00e5ren \u00e5r att v\u00e5rda det unika, som jag vet att var och en har i sig. En reflektion jag gjort \u00e4r att fler tycks kopiera, det andra redan gjort och besitter kompetens i.<br>Ist\u00e4llet borde var och en utveckla och f\u00f6r\u00e4dla det man sj\u00e4lv vill g\u00f6ra och st\u00e4ndigt str\u00e4va efter att bli \u00e4nnu b\u00e4ttre i det. Studera g\u00e4rna omv\u00e4rlden och ta det b\u00e4sta fr\u00e5n de som lyckats b\u00e4st och g\u00f6r det till ditt eget.<\/p>\n\n\n\n<p><br><strong>Tack f\u00f6r mig!<br><\/strong><br>Skulle n\u00e5gon finna intresse att vilja kontakta mig, s\u00e5 skicka g\u00e4rna ett meddelande till <a href=\"mailto:tactic.soe@gmail.com\">tactic.soe@gmail.com<\/a>. Alla mina tidigare mejladresser upph\u00f6r i b\u00f6rjan av 2026.<\/p>\n\n\n\n<p>Min n\u00e4rvaro, som f\u00f6retagare upph\u00f6r h\u00e4rmed och i framtiden ska jag g\u00f6ra annat som jag ocks\u00e5 gillar.<\/p>\n\n\n\n<p>Kanske vi syns i ett annat forum och jag vill \u00e4nnu en g\u00e5ng tacka dig som l\u00e4st \u00e4nd\u00e5 hit f\u00f6r visat intresse och \u00f6nskar dig all lycka i framtiden.<\/p>\n\n\n\n<p>M\u00e5 gott\/Sten-Ove<\/p>","protected":false},"excerpt":{"rendered":"<p>Klipper man bara av n\u00e4r man drar sig tillbaka, eller hur g\u00f6r man? M\u00e5nga av mina kontakter genom f\u00f6retagandet har jag haft \u00e5tminstone 15 \u00e5r, en del \u00e4nnu l\u00e4ngre och n\u00e5gra relativt kort tid. Efter mer \u00e4n 50 \u00e5r som f\u00f6retagare, i egen verksamhet f\u00f6r det mesta, men \u00e4ven uppdrag i f\u00f6retagens tj\u00e4nst, s\u00e5 slutar [&hellip;]<\/p>\n","protected":false},"author":1,"featured_media":0,"parent":0,"menu_order":0,"comment_status":"closed","ping_status":"closed","template":"","meta":{"_genesis_hide_title":false,"_genesis_hide_breadcrumbs":false,"_genesis_hide_singular_image":false,"_genesis_hide_footer_widgets":false,"_genesis_custom_body_class":"","_genesis_custom_post_class":"","_genesis_layout":"","footnotes":""},"class_list":{"0":"post-1361","1":"page","2":"type-page","3":"status-publish","5":"entry"},"yoast_head":"<!-- This site is optimized with the Yoast SEO plugin v27.5 - https:\/\/yoast.com\/product\/yoast-seo-wordpress\/ -->\n<title>Time to say Goodbye. - TACTIC AB<\/title>\n<meta name=\"robots\" content=\"index, follow, max-snippet:-1, max-image-preview:large, max-video-preview:-1\" \/>\n<link rel=\"canonical\" href=\"https:\/\/www.tacticab.se\/en\/\" \/>\n<meta property=\"og:locale\" content=\"en_GB\" \/>\n<meta property=\"og:type\" content=\"article\" \/>\n<meta property=\"og:title\" content=\"Time to say Goodbye. - TACTIC AB\" \/>\n<meta property=\"og:description\" content=\"Klipper man bara av n\u00e4r man drar sig tillbaka, eller hur g\u00f6r man? M\u00e5nga av mina kontakter genom f\u00f6retagandet har jag haft \u00e5tminstone 15 \u00e5r, en del \u00e4nnu l\u00e4ngre och n\u00e5gra relativt kort tid. Efter mer \u00e4n 50 \u00e5r som f\u00f6retagare, i egen verksamhet f\u00f6r det mesta, men \u00e4ven uppdrag i f\u00f6retagens tj\u00e4nst, s\u00e5 slutar [&hellip;]\" \/>\n<meta property=\"og:url\" content=\"https:\/\/www.tacticab.se\/en\/\" \/>\n<meta property=\"og:site_name\" content=\"TACTIC AB\" \/>\n<meta property=\"article:publisher\" content=\"https:\/\/www.facebook.com\/stenovetacticab\/\" \/>\n<meta property=\"article:modified_time\" content=\"2025-12-23T10:08:33+00:00\" \/>\n<meta name=\"twitter:card\" content=\"summary_large_image\" \/>\n<meta name=\"twitter:label1\" content=\"Estimated reading time\" \/>\n\t<meta name=\"twitter:data1\" content=\"2 minutes\" \/>\n<script type=\"application\/ld+json\" class=\"yoast-schema-graph\">{\"@context\":\"https:\\\/\\\/schema.org\",\"@graph\":[{\"@type\":\"WebPage\",\"@id\":\"https:\\\/\\\/www.tacticab.se\\\/\",\"url\":\"https:\\\/\\\/www.tacticab.se\\\/\",\"name\":\"Time to say Goodbye. - TACTIC AB\",\"isPartOf\":{\"@id\":\"https:\\\/\\\/www.tacticab.se\\\/#website\"},\"datePublished\":\"2025-12-23T08:58:22+00:00\",\"dateModified\":\"2025-12-23T10:08:33+00:00\",\"breadcrumb\":{\"@id\":\"https:\\\/\\\/www.tacticab.se\\\/#breadcrumb\"},\"inLanguage\":\"en-GB\",\"potentialAction\":[{\"@type\":\"ReadAction\",\"target\":[\"https:\\\/\\\/www.tacticab.se\\\/\"]}]},{\"@type\":\"BreadcrumbList\",\"@id\":\"https:\\\/\\\/www.tacticab.se\\\/#breadcrumb\",\"itemListElement\":[{\"@type\":\"ListItem\",\"position\":1,\"name\":\"Hem\",\"item\":\"https:\\\/\\\/www.tacticab.se\\\/\"},{\"@type\":\"ListItem\",\"position\":2,\"name\":\"Time to say Goodbye.\"}]},{\"@type\":\"WebSite\",\"@id\":\"https:\\\/\\\/www.tacticab.se\\\/#website\",\"url\":\"https:\\\/\\\/www.tacticab.se\\\/\",\"name\":\"Tactic i Lule\u00e5 AB\",\"description\":\"Framg\u00e5ng \u00e4r ingen tillf\u00e4llighet\",\"publisher\":{\"@id\":\"https:\\\/\\\/www.tacticab.se\\\/#organization\"},\"potentialAction\":[{\"@type\":\"SearchAction\",\"target\":{\"@type\":\"EntryPoint\",\"urlTemplate\":\"https:\\\/\\\/www.tacticab.se\\\/?s={search_term_string}\"},\"query-input\":{\"@type\":\"PropertyValueSpecification\",\"valueRequired\":true,\"valueName\":\"search_term_string\"}}],\"inLanguage\":\"en-GB\"},{\"@type\":\"Organization\",\"@id\":\"https:\\\/\\\/www.tacticab.se\\\/#organization\",\"name\":\"Tactic i Lule\u00e5 AB\",\"url\":\"https:\\\/\\\/www.tacticab.se\\\/\",\"logo\":{\"@type\":\"ImageObject\",\"inLanguage\":\"en-GB\",\"@id\":\"https:\\\/\\\/www.tacticab.se\\\/#\\\/schema\\\/logo\\\/image\\\/\",\"url\":\"https:\\\/\\\/www.tacticab.se\\\/wp-content\\\/uploads\\\/2019\\\/11\\\/tacticablogga.png\",\"contentUrl\":\"https:\\\/\\\/www.tacticab.se\\\/wp-content\\\/uploads\\\/2019\\\/11\\\/tacticablogga.png\",\"width\":340,\"height\":100,\"caption\":\"Tactic i Lule\u00e5 AB\"},\"image\":{\"@id\":\"https:\\\/\\\/www.tacticab.se\\\/#\\\/schema\\\/logo\\\/image\\\/\"},\"sameAs\":[\"https:\\\/\\\/www.facebook.com\\\/stenovetacticab\\\/\",\"https:\\\/\\\/se.linkedin.com\\\/company\\\/tactic-ab\"]}]}<\/script>\n<!-- \/ Yoast SEO plugin. -->","yoast_head_json":{"title":"Time to say Goodbye. - TACTIC AB","robots":{"index":"index","follow":"follow","max-snippet":"max-snippet:-1","max-image-preview":"max-image-preview:large","max-video-preview":"max-video-preview:-1"},"canonical":"https:\/\/www.tacticab.se\/en\/","og_locale":"en_GB","og_type":"article","og_title":"Time to say Goodbye. - TACTIC AB","og_description":"Klipper man bara av n\u00e4r man drar sig tillbaka, eller hur g\u00f6r man? M\u00e5nga av mina kontakter genom f\u00f6retagandet har jag haft \u00e5tminstone 15 \u00e5r, en del \u00e4nnu l\u00e4ngre och n\u00e5gra relativt kort tid. Efter mer \u00e4n 50 \u00e5r som f\u00f6retagare, i egen verksamhet f\u00f6r det mesta, men \u00e4ven uppdrag i f\u00f6retagens tj\u00e4nst, s\u00e5 slutar [&hellip;]","og_url":"https:\/\/www.tacticab.se\/en\/","og_site_name":"TACTIC AB","article_publisher":"https:\/\/www.facebook.com\/stenovetacticab\/","article_modified_time":"2025-12-23T10:08:33+00:00","twitter_card":"summary_large_image","twitter_misc":{"Estimated reading time":"2 minutes"},"schema":{"@context":"https:\/\/schema.org","@graph":[{"@type":"WebPage","@id":"https:\/\/www.tacticab.se\/","url":"https:\/\/www.tacticab.se\/","name":"Time to say Goodbye. - TACTIC AB","isPartOf":{"@id":"https:\/\/www.tacticab.se\/#website"},"datePublished":"2025-12-23T08:58:22+00:00","dateModified":"2025-12-23T10:08:33+00:00","breadcrumb":{"@id":"https:\/\/www.tacticab.se\/#breadcrumb"},"inLanguage":"en-GB","potentialAction":[{"@type":"ReadAction","target":["https:\/\/www.tacticab.se\/"]}]},{"@type":"BreadcrumbList","@id":"https:\/\/www.tacticab.se\/#breadcrumb","itemListElement":[{"@type":"ListItem","position":1,"name":"Hem","item":"https:\/\/www.tacticab.se\/"},{"@type":"ListItem","position":2,"name":"Time to say Goodbye."}]},{"@type":"WebSite","@id":"https:\/\/www.tacticab.se\/#website","url":"https:\/\/www.tacticab.se\/","name":"Tactic i Lule\u00e5 AB","description":"Framg\u00e5ng \u00e4r ingen tillf\u00e4llighet","publisher":{"@id":"https:\/\/www.tacticab.se\/#organization"},"potentialAction":[{"@type":"SearchAction","target":{"@type":"EntryPoint","urlTemplate":"https:\/\/www.tacticab.se\/?s={search_term_string}"},"query-input":{"@type":"PropertyValueSpecification","valueRequired":true,"valueName":"search_term_string"}}],"inLanguage":"en-GB"},{"@type":"Organization","@id":"https:\/\/www.tacticab.se\/#organization","name":"Tactic i Lule\u00e5 AB","url":"https:\/\/www.tacticab.se\/","logo":{"@type":"ImageObject","inLanguage":"en-GB","@id":"https:\/\/www.tacticab.se\/#\/schema\/logo\/image\/","url":"https:\/\/www.tacticab.se\/wp-content\/uploads\/2019\/11\/tacticablogga.png","contentUrl":"https:\/\/www.tacticab.se\/wp-content\/uploads\/2019\/11\/tacticablogga.png","width":340,"height":100,"caption":"Tactic i Lule\u00e5 AB"},"image":{"@id":"https:\/\/www.tacticab.se\/#\/schema\/logo\/image\/"},"sameAs":["https:\/\/www.facebook.com\/stenovetacticab\/","https:\/\/se.linkedin.com\/company\/tactic-ab"]}]}},"_links":{"self":[{"href":"https:\/\/www.tacticab.se\/en\/wp-json\/wp\/v2\/pages\/1361","targetHints":{"allow":["GET"]}}],"collection":[{"href":"https:\/\/www.tacticab.se\/en\/wp-json\/wp\/v2\/pages"}],"about":[{"href":"https:\/\/www.tacticab.se\/en\/wp-json\/wp\/v2\/types\/page"}],"author":[{"embeddable":true,"href":"https:\/\/www.tacticab.se\/en\/wp-json\/wp\/v2\/users\/1"}],"replies":[{"embeddable":true,"href":"https:\/\/www.tacticab.se\/en\/wp-json\/wp\/v2\/comments?post=1361"}],"version-history":[{"count":3,"href":"https:\/\/www.tacticab.se\/en\/wp-json\/wp\/v2\/pages\/1361\/revisions"}],"predecessor-version":[{"id":1371,"href":"https:\/\/www.tacticab.se\/en\/wp-json\/wp\/v2\/pages\/1361\/revisions\/1371"}],"wp:attachment":[{"href":"https:\/\/www.tacticab.se\/en\/wp-json\/wp\/v2\/media?parent=1361"}],"curies":[{"name":"wp","href":"https:\/\/api.w.org\/{rel}","templated":true}]}}